{"id":7290,"date":"2024-11-23T14:20:47","date_gmt":"2024-11-23T14:20:47","guid":{"rendered":"https:\/\/pathien.vn\/?page_id=7290"},"modified":"2024-11-23T14:38:14","modified_gmt":"2024-11-23T14:38:14","slug":"pa-thien-an-chi","status":"publish","type":"page","link":"https:\/\/pathien.vn\/en\/pa-thien-an-chi\/","title":{"rendered":"PA THI\u00caN AN CHI"},"content":{"rendered":"<div data-elementor-type=\"wp-page\" data-elementor-id=\"7290\" class=\"elementor elementor-7290\" data-elementor-post-type=\"page\">\n\t\t\t\t<div class=\"elementor-element elementor-element-f9ccb85 e-flex e-con-boxed e-con e-parent\" data-id=\"f9ccb85\" data-element_type=\"container\">\n\t\t\t\t\t<div class=\"e-con-inner\">\n\t\t<div class=\"elementor-element elementor-element-c69ff96 e-con-full e-flex e-con e-child\" data-id=\"c69ff96\" data-element_type=\"container\">\n\t\t<div class=\"elementor-element elementor-element-2fb6582 e-con-full e-flex e-con e-child\" data-id=\"2fb6582\" data-element_type=\"container\" data-settings=\"{&quot;background_background&quot;:&quot;classic&quot;,&quot;background_motion_fx_motion_fx_scrolling&quot;:&quot;yes&quot;,&quot;background_motion_fx_devices&quot;:[&quot;desktop&quot;,&quot;tablet&quot;,&quot;mobile&quot;]}\">\n\t\t<div class=\"elementor-element elementor-element-1fa24fe e-con-full e-flex e-con e-child\" data-id=\"1fa24fe\" data-element_type=\"container\">\n\t\t\t\t<div class=\"elementor-element elementor-element-59ae5c2 elementor-widget elementor-widget-heading\" data-id=\"59ae5c2\" data-element_type=\"widget\" data-widget_type=\"heading.default\">\n\t\t\t\t<div class=\"elementor-widget-container\">\n\t\t\t<style>\/*! elementor - v3.23.0 - 15-07-2024 *\/\n.elementor-heading-title{padding:0;margin:0;line-height:1}.elementor-widget-heading .elementor-heading-title[class*=elementor-size-]>a{color:inherit;font-size:inherit;line-height:inherit}.elementor-widget-heading .elementor-heading-title.elementor-size-small{font-size:15px}.elementor-widget-heading .elementor-heading-title.elementor-size-medium{font-size:19px}.elementor-widget-heading .elementor-heading-title.elementor-size-large{font-size:29px}.elementor-widget-heading .elementor-heading-title.elementor-size-xl{font-size:39px}.elementor-widget-heading .elementor-heading-title.elementor-size-xxl{font-size:59px}<\/style><h1 class=\"elementor-heading-title elementor-size-default\">PA THI\u00caN AN CHI<\/h1>\t\t<\/div>\n\t\t\t\t<\/div>\n\t\t\t\t<div class=\"elementor-element elementor-element-5577aac elementor-widget elementor-widget-heading\" data-id=\"5577aac\" data-element_type=\"widget\" data-widget_type=\"heading.default\">\n\t\t\t\t<div class=\"elementor-widget-container\">\n\t\t\t<h6 class=\"elementor-heading-title elementor-size-default\">G\u00daT<\/h6>\t\t<\/div>\n\t\t\t\t<\/div>\n\t\t\t\t<\/div>\n\t\t\t\t<\/div>\n\t\t\t\t<\/div>\n\t\t\t\t\t<\/div>\n\t\t\t\t<\/div>\n\t\t<div class=\"elementor-element elementor-element-289e017 e-flex e-con-boxed e-con e-parent\" data-id=\"289e017\" data-element_type=\"container\" data-settings=\"{&quot;background_background&quot;:&quot;classic&quot;}\">\n\t\t\t\t\t<div class=\"e-con-inner\">\n\t\t<div class=\"elementor-element elementor-element-8c4bf1c e-con-full e-flex e-con e-child\" data-id=\"8c4bf1c\" data-element_type=\"container\">\n\t\t<div class=\"elementor-element elementor-element-5a0e6bf e-con-full e-flex e-con e-child\" data-id=\"5a0e6bf\" data-element_type=\"container\">\n\t\t<div class=\"elementor-element elementor-element-84f1b0a e-con-full e-flex e-con e-child\" data-id=\"84f1b0a\" data-element_type=\"container\" data-settings=\"{&quot;background_background&quot;:&quot;classic&quot;,&quot;motion_fx_motion_fx_scrolling&quot;:&quot;yes&quot;,&quot;motion_fx_translateY_effect&quot;:&quot;yes&quot;,&quot;motion_fx_translateY_speed&quot;:{&quot;unit&quot;:&quot;px&quot;,&quot;size&quot;:4,&quot;sizes&quot;:[]},&quot;motion_fx_translateY_affectedRange&quot;:{&quot;unit&quot;:&quot;%&quot;,&quot;size&quot;:&quot;&quot;,&quot;sizes&quot;:{&quot;start&quot;:0,&quot;end&quot;:100}},&quot;motion_fx_devices&quot;:[&quot;desktop&quot;,&quot;tablet&quot;,&quot;mobile&quot;]}\">\n\t\t\t\t<div class=\"elementor-element elementor-element-47a84b3 elementor-widget elementor-widget-spacer\" data-id=\"47a84b3\" data-element_type=\"widget\" data-widget_type=\"spacer.default\">\n\t\t\t\t<div class=\"elementor-widget-container\">\n\t\t\t<style>\/*! elementor - v3.23.0 - 15-07-2024 *\/\n.elementor-column .elementor-spacer-inner{height:var(--spacer-size)}.e-con{--container-widget-width:100%}.e-con-inner>.elementor-widget-spacer,.e-con>.elementor-widget-spacer{width:var(--container-widget-width,var(--spacer-size));--align-self:var(--container-widget-align-self,initial);--flex-shrink:0}.e-con-inner>.elementor-widget-spacer>.elementor-widget-container,.e-con>.elementor-widget-spacer>.elementor-widget-container{height:100%;width:100%}.e-con-inner>.elementor-widget-spacer>.elementor-widget-container>.elementor-spacer,.e-con>.elementor-widget-spacer>.elementor-widget-container>.elementor-spacer{height:100%}.e-con-inner>.elementor-widget-spacer>.elementor-widget-container>.elementor-spacer>.elementor-spacer-inner,.e-con>.elementor-widget-spacer>.elementor-widget-container>.elementor-spacer>.elementor-spacer-inner{height:var(--container-widget-height,var(--spacer-size))}.e-con-inner>.elementor-widget-spacer.elementor-widget-empty,.e-con>.elementor-widget-spacer.elementor-widget-empty{position:relative;min-height:22px;min-width:22px}.e-con-inner>.elementor-widget-spacer.elementor-widget-empty .elementor-widget-empty-icon,.e-con>.elementor-widget-spacer.elementor-widget-empty .elementor-widget-empty-icon{position:absolute;top:0;bottom:0;left:0;right:0;margin:auto;padding:0;width:22px;height:22px}<\/style>\t\t<div class=\"elementor-spacer\">\n\t\t\t<div class=\"elementor-spacer-inner\"><\/div>\n\t\t<\/div>\n\t\t\t\t<\/div>\n\t\t\t\t<\/div>\n\t\t\t\t<\/div>\n\t\t<div class=\"elementor-element elementor-element-33b1f3b e-con-full e-flex e-con e-child\" data-id=\"33b1f3b\" data-element_type=\"container\" data-settings=\"{&quot;background_background&quot;:&quot;classic&quot;}\">\n\t\t\t\t<div class=\"elementor-element elementor-element-758693b elementor-widget elementor-widget-heading\" data-id=\"758693b\" data-element_type=\"widget\" data-widget_type=\"heading.default\">\n\t\t\t\t<div class=\"elementor-widget-container\">\n\t\t\t<h2 class=\"elementor-heading-title elementor-size-default\">PA THI\u00caN AN CHI<\/h2>\t\t<\/div>\n\t\t\t\t<\/div>\n\t\t\t\t<div class=\"elementor-element elementor-element-a724f3e elementor-widget elementor-widget-text-editor\" data-id=\"a724f3e\" data-element_type=\"widget\" data-widget_type=\"text-editor.default\">\n\t\t\t\t<div class=\"elementor-widget-container\">\n\t\t\t<style>\/*! elementor - v3.23.0 - 15-07-2024 *\/\n.elementor-widget-text-editor.elementor-drop-cap-view-stacked .elementor-drop-cap{background-color:#69727d;color:#fff}.elementor-widget-text-editor.elementor-drop-cap-view-framed .elementor-drop-cap{color:#69727d;border:3px solid;background-color:transparent}.elementor-widget-text-editor:not(.elementor-drop-cap-view-default) .elementor-drop-cap{margin-top:8px}.elementor-widget-text-editor:not(.elementor-drop-cap-view-default) .elementor-drop-cap-letter{width:1em;height:1em}.elementor-widget-text-editor .elementor-drop-cap{float:left;text-align:center;line-height:1;font-size:50px}.elementor-widget-text-editor .elementor-drop-cap-letter{display:inline-block}<\/style>\t\t\t\t<p>PA THI\u00caN AN CHI gi\u00fap gi\u1ea3m n\u1ed3ng \u0111\u1ed9 acid uric trong m\u00e1u, gi\u1ea3m \u0111au nh\u1ee9c kh\u1edbp, v\u00e0 ph\u00f2ng ng\u1eeba c\u00e1c bi\u1ebfn ch\u1ee9ng nguy hi\u1ec3m c\u1ee7a b\u1ec7nh g\u00fat.<\/p>\t\t\t\t\t\t<\/div>\n\t\t\t\t<\/div>\n\t\t\t\t<div class=\"elementor-element elementor-element-a265bc8 elementor-button-outline elementor-mobile-align-center elementor-widget elementor-widget-button\" data-id=\"a265bc8\" data-element_type=\"widget\" data-widget_type=\"button.default\">\n\t\t\t\t<div class=\"elementor-widget-container\">\n\t\t\t\t\t<div class=\"elementor-button-wrapper\">\n\t\t\t<a class=\"elementor-button elementor-button-link elementor-size-sm\" href=\"#section-ttspat\">\n\t\t\t\t\t\t<span class=\"elementor-button-content-wrapper\">\n\t\t\t\t\t\t\t\t\t<span class=\"elementor-button-text\">Product Information<\/span>\n\t\t\t\t\t<\/span>\n\t\t\t\t\t<\/a>\n\t\t<\/div>\n\t\t\t\t<\/div>\n\t\t\t\t<\/div>\n\t\t\t\t<\/div>\n\t\t\t\t<\/div>\n\t\t\t\t<\/div>\n\t\t\t\t\t<\/div>\n\t\t\t\t<\/div>\n\t\t<div class=\"elementor-element elementor-element-5beeb9a e-flex e-con-boxed e-con e-parent\" data-id=\"5beeb9a\" data-element_type=\"container\" id=\"section-ttspat\" data-settings=\"{&quot;background_background&quot;:&quot;classic&quot;}\">\n\t\t\t\t\t<div class=\"e-con-inner\">\n\t\t<div class=\"elementor-element elementor-element-01835db e-con-full e-flex e-con e-child\" data-id=\"01835db\" data-element_type=\"container\">\n\t\t\t\t<div class=\"elementor-element elementor-element-74068c5 elementor-view-default elementor-widget elementor-widget-icon\" data-id=\"74068c5\" data-element_type=\"widget\" data-widget_type=\"icon.default\">\n\t\t\t\t<div class=\"elementor-widget-container\">\n\t\t\t\t\t<div class=\"elementor-icon-wrapper\">\n\t\t\t<div class=\"elementor-icon\">\n\t\t\t<svg aria-hidden=\"true\" class=\"e-font-icon-svg e-fas-leaf\" viewbox=\"0 0 576 512\" xmlns=\"http:\/\/www.w3.org\/2000\/svg\"><path d=\"M546.2 9.7c-5.6-12.5-21.6-13-28.3-1.2C486.9 62.4 431.4 96 368 96h-80C182 96 96 182 96 288c0 7 .8 13.7 1.5 20.5C161.3 262.8 253.4 224 384 224c8.8 0 16 7.2 16 16s-7.2 16-16 16C132.6 256 26 410.1 2.4 468c-6.6 16.3 1.2 34.9 17.5 41.6 16.4 6.8 35-1.1 41.8-17.3 1.5-3.6 20.9-47.9 71.9-90.6 32.4 43.9 94 85.8 174.9 77.2C465.5 467.5 576 326.7 576 154.3c0-50.2-10.8-102.2-29.8-144.6z\"><\/path><\/svg>\t\t\t<\/div>\n\t\t<\/div>\n\t\t\t\t<\/div>\n\t\t\t\t<\/div>\n\t\t\t\t<div class=\"elementor-element elementor-element-dee3f89 elementor-widget elementor-widget-heading\" data-id=\"dee3f89\" data-element_type=\"widget\" data-widget_type=\"heading.default\">\n\t\t\t\t<div class=\"elementor-widget-container\">\n\t\t\t<h2 class=\"elementor-heading-title elementor-size-default\">PA THI\u00caN AN CHI<\/h2>\t\t<\/div>\n\t\t\t\t<\/div>\n\t\t<div class=\"elementor-element elementor-element-3d6bb73 e-con-full e-flex e-con e-child\" data-id=\"3d6bb73\" data-element_type=\"container\">\n\t\t<div class=\"elementor-element elementor-element-e2b7d6e elementor-hidden-tablet elementor-hidden-mobile e-con-full e-flex e-con e-child\" data-id=\"e2b7d6e\" data-element_type=\"container\">\n\t\t\t\t<\/div>\n\t\t<div class=\"elementor-element elementor-element-a89d0ce e-con-full e-flex e-con e-child\" data-id=\"a89d0ce\" data-element_type=\"container\" data-settings=\"{&quot;background_background&quot;:&quot;classic&quot;}\">\n\t\t\t\t<div class=\"elementor-element elementor-element-93e2ab8 elementor-widget elementor-widget-image\" data-id=\"93e2ab8\" data-element_type=\"widget\" data-widget_type=\"image.default\">\n\t\t\t\t<div class=\"elementor-widget-container\">\n\t\t\t<style>\/*! elementor - v3.23.0 - 15-07-2024 *\/\n.elementor-widget-image{text-align:center}.elementor-widget-image a{display:inline-block}.elementor-widget-image a img[src$=\".svg\"]{width:48px}.elementor-widget-image img{vertical-align:middle;display:inline-block}<\/style>\t\t\t\t\t\t\t\t\t\t<img fetchpriority=\"high\" decoding=\"async\" width=\"384\" height=\"580\" src=\"https:\/\/pathien.vn\/wp-content\/uploads\/2024\/11\/pa-thien-an-chi-.png\" class=\"attachment-large size-large wp-image-7294\" alt=\"\" srcset=\"https:\/\/pathien.vn\/wp-content\/uploads\/2024\/11\/pa-thien-an-chi-.png 384w, https:\/\/pathien.vn\/wp-content\/uploads\/2024\/11\/pa-thien-an-chi--199x300.png 199w, https:\/\/pathien.vn\/wp-content\/uploads\/2024\/11\/pa-thien-an-chi--8x12.png 8w\" sizes=\"(max-width: 384px) 100vw, 384px\" \/>\t\t\t\t\t\t\t\t\t\t\t\t\t<\/div>\n\t\t\t\t<\/div>\n\t\t\t\t<\/div>\n\t\t<div class=\"elementor-element elementor-element-160ae77 e-con-full e-flex e-con e-child\" data-id=\"160ae77\" data-element_type=\"container\" data-settings=\"{&quot;background_background&quot;:&quot;classic&quot;}\">\n\t\t\t\t<div class=\"elementor-element elementor-element-be93c7f elementor-widget elementor-widget-heading\" data-id=\"be93c7f\" data-element_type=\"widget\" data-widget_type=\"heading.default\">\n\t\t\t\t<div class=\"elementor-widget-container\">\n\t\t\t<h2 class=\"elementor-heading-title elementor-size-default\">Information<\/h2>\t\t<\/div>\n\t\t\t\t<\/div>\n\t\t\t\t<div class=\"elementor-element elementor-element-9dd4459 elementor-widget elementor-widget-heading\" data-id=\"9dd4459\" data-element_type=\"widget\" data-widget_type=\"heading.default\">\n\t\t\t\t<div class=\"elementor-widget-container\">\n\t\t\t<h5 class=\"elementor-heading-title elementor-size-default\">Ingredients<\/h5>\t\t<\/div>\n\t\t\t\t<\/div>\n\t\t\t\t<div class=\"elementor-element elementor-element-c948db1 elementor-widget elementor-widget-text-editor\" data-id=\"c948db1\" data-element_type=\"widget\" data-widget_type=\"text-editor.default\">\n\t\t\t\t<div class=\"elementor-widget-container\">\n\t\t\t\t\t\t\t<p>B\u1ed9t M\u00e3 \u0111\u1ec1, B\u1ed9t Hy thi\u00eam, B\u1ed9t R\u00e2u m\u00e8o, B\u1ed9t X\u01b0\u01a1ng kh\u1ec9, B\u1ed9t M\u1eb7t qu\u1ef7, B\u1ed9t Ph\u00e8n \u0111en, ch\u1ea5t k\u1ebft d\u00ednh (maltodextrin), ch\u1ea5t b\u1ea3o qu\u1ea3n (natri benzoat), ch\u1ea5t t\u1ea1o ng\u1ecdt t\u1ef1 nhi\u00ean (c\u1ecf ng\u1ecdt)<\/p>\t\t\t\t\t\t<\/div>\n\t\t\t\t<\/div>\n\t\t\t\t<div class=\"elementor-element elementor-element-5cbe733 elementor-widget elementor-widget-heading\" data-id=\"5cbe733\" data-element_type=\"widget\" data-widget_type=\"heading.default\">\n\t\t\t\t<div class=\"elementor-widget-container\">\n\t\t\t<h5 class=\"elementor-heading-title elementor-size-default\">Quantity<\/h5>\t\t<\/div>\n\t\t\t\t<\/div>\n\t\t\t\t<div class=\"elementor-element elementor-element-2031429 elementor-widget elementor-widget-text-editor\" data-id=\"2031429\" data-element_type=\"widget\" data-widget_type=\"text-editor.default\">\n\t\t\t\t<div class=\"elementor-widget-container\">\n\t\t\t\t\t\t\t<p>H\u1ed9p 21 g\u00f3i x 5g<\/p>\t\t\t\t\t\t<\/div>\n\t\t\t\t<\/div>\n\t\t\t\t<div class=\"elementor-element elementor-element-4229999 elementor-widget elementor-widget-heading\" data-id=\"4229999\" data-element_type=\"widget\" data-widget_type=\"heading.default\">\n\t\t\t\t<div class=\"elementor-widget-container\">\n\t\t\t<h5 class=\"elementor-heading-title elementor-size-default\">Recommended For<\/h5>\t\t<\/div>\n\t\t\t\t<\/div>\n\t\t\t\t<div class=\"elementor-element elementor-element-30ce9b8 elementor-widget elementor-widget-text-editor\" data-id=\"30ce9b8\" data-element_type=\"widget\" data-widget_type=\"text-editor.default\">\n\t\t\t\t<div class=\"elementor-widget-container\">\n\t\t\t\t\t\t\t<p>Ng\u01b0\u1eddi tr\u01b0\u1edfng th\u00e0nh c\u00f3 acid uric trong m\u00e1u cao v\u00e0 c\u00f3 bi\u1ec3u hi\u1ec7n s\u01b0ng, \u0111au kh\u1edbp do g\u00fat.<\/p>\t\t\t\t\t\t<\/div>\n\t\t\t\t<\/div>\n\t\t\t\t<div class=\"elementor-element elementor-element-f3dec9f elementor-widget elementor-widget-heading\" data-id=\"f3dec9f\" data-element_type=\"widget\" data-widget_type=\"heading.default\">\n\t\t\t\t<div class=\"elementor-widget-container\">\n\t\t\t<h5 class=\"elementor-heading-title elementor-size-default\">How To Use<\/h5>\t\t<\/div>\n\t\t\t\t<\/div>\n\t\t\t\t<div class=\"elementor-element elementor-element-456ef9f elementor-widget elementor-widget-text-editor\" data-id=\"456ef9f\" data-element_type=\"widget\" data-widget_type=\"text-editor.default\">\n\t\t\t\t<div class=\"elementor-widget-container\">\n\t\t\t\t\t\t\t<p>Nhai ho\u1eb7c nu\u1ed1t tr\u1ef1c ti\u1ebfp ho\u1eb7c c\u00f3 th\u1ec3 u\u1ed1ng c\u00f9ng v\u1edbi n\u01b0\u1edbc cho d\u1ec5 nu\u1ed1t.<\/p><p>Ng\u01b0\u1eddi tr\u01b0\u1edfng th\u00e0nh: m\u1ed7i l\u1ea7n d\u00f9ng 1 g\u00f3i\/l\u1ea7n, m\u1ed7i ng\u00e0y 3 l\u1ea7n.<\/p>\t\t\t\t\t\t<\/div>\n\t\t\t\t<\/div>\n\t\t\t\t<div class=\"elementor-element elementor-element-046db50 elementor-widget elementor-widget-heading\" data-id=\"046db50\" data-element_type=\"widget\" data-widget_type=\"heading.default\">\n\t\t\t\t<div class=\"elementor-widget-container\">\n\t\t\t<h5 class=\"elementor-heading-title elementor-size-default\">Storage Instructions<\/h5>\t\t<\/div>\n\t\t\t\t<\/div>\n\t\t\t\t<div class=\"elementor-element elementor-element-0cec77e elementor-widget elementor-widget-text-editor\" data-id=\"0cec77e\" data-element_type=\"widget\" data-widget_type=\"text-editor.default\">\n\t\t\t\t<div class=\"elementor-widget-container\">\n\t\t\t\t\t\t\t<p>\u0110\u1ec3 n\u01a1i kh\u00f4 r\u00e1o, tho\u00e1ng m\u00e1t, tr\u00e1nh \u00e1nh n\u1eafng chi\u1ebfu tr\u1ef1c ti\u1ebfp.<\/p>\t\t\t\t\t\t<\/div>\n\t\t\t\t<\/div>\n\t\t\t\t<\/div>\n\t\t<div class=\"elementor-element elementor-element-b8d568b elementor-hidden-tablet elementor-hidden-mobile e-con-full e-flex e-con e-child\" data-id=\"b8d568b\" data-element_type=\"container\">\n\t\t\t\t<\/div>\n\t\t\t\t<\/div>\n\t\t\t\t<\/div>\n\t\t\t\t\t<\/div>\n\t\t\t\t<\/div>\n\t\t\t\t<\/div>","protected":false},"excerpt":{"rendered":"<p>PA THI\u00caN AN CHI G\u00daT PA THI\u00caN AN CHI PA THI\u00caN AN CHI gi\u00fap gi\u1ea3m n\u1ed3ng \u0111\u1ed9 acid uric trong m\u00e1u, gi\u1ea3m \u0111au nh\u1ee9c kh\u1edbp, v\u00e0 ph\u00f2ng ng\u1eeba c\u00e1c bi\u1ebfn ch\u1ee9ng nguy hi\u1ec3m c\u1ee7a b\u1ec7nh g\u00fat. Th\u00f4ng Tin S\u1ea3n Ph\u1ea9m PA THI\u00caN AN CHI Th\u00f4ng Tin Th\u00e0nh Ph\u1ea7n B\u1ed9t M\u00e3 \u0111\u1ec1, B\u1ed9t Hy thi\u00eam, B\u1ed9t<\/p>\n<p class=\"more-link-wrapper\"><a class=\"btn btn-primary\" href=\"https:\/\/pathien.vn\/en\/pa-thien-an-chi\/\">Read More<\/a><\/p>","protected":false},"author":1,"featured_media":0,"parent":0,"menu_order":0,"comment_status":"closed","ping_status":"closed","template":"elementor_header_footer","meta":{"footnotes":""},"class_list":["post-7290","page","type-page","status-publish","hentry"],"_links":{"self":[{"href":"https:\/\/pathien.vn\/en\/wp-json\/wp\/v2\/pages\/7290","targetHints":{"allow":["GET"]}}],"collection":[{"href":"https:\/\/pathien.vn\/en\/wp-json\/wp\/v2\/pages"}],"about":[{"href":"https:\/\/pathien.vn\/en\/wp-json\/wp\/v2\/types\/page"}],"author":[{"embeddable":true,"href":"https:\/\/pathien.vn\/en\/wp-json\/wp\/v2\/users\/1"}],"replies":[{"embeddable":true,"href":"https:\/\/pathien.vn\/en\/wp-json\/wp\/v2\/comments?post=7290"}],"version-history":[{"count":5,"href":"https:\/\/pathien.vn\/en\/wp-json\/wp\/v2\/pages\/7290\/revisions"}],"predecessor-version":[{"id":7297,"href":"https:\/\/pathien.vn\/en\/wp-json\/wp\/v2\/pages\/7290\/revisions\/7297"}],"wp:attachment":[{"href":"https:\/\/pathien.vn\/en\/wp-json\/wp\/v2\/media?parent=7290"}],"curies":[{"name":"wp","href":"https:\/\/api.w.org\/{rel}","templated":true}]}}